{"id":1370,"date":"2020-10-21T14:27:34","date_gmt":"2020-10-21T14:27:34","guid":{"rendered":"https:\/\/geobau.it\/azienda\/"},"modified":"2022-11-08T07:51:42","modified_gmt":"2022-11-08T07:51:42","slug":"unternehmen","status":"publish","type":"page","link":"https:\/\/geobau.it\/de\/unternehmen\/","title":{"rendered":"UNTERNEHMEN"},"content":{"rendered":"<p>[et_pb_section fb_built=&#8220;1&#8243; _builder_version=&#8220;4.6.6&#8243; _module_preset=&#8220;default&#8220; custom_padding=&#8220;||0px||false|false&#8220; custom_css_main_element=&#8220;position: relative;&#8220;][et_pb_row column_structure=&#8220;1_2,1_2&#8243; use_custom_gutter=&#8220;on&#8220; _builder_version=&#8220;4.6.6&#8243; _module_preset=&#8220;default&#8220; background_color=&#8220;#fcc000&#8243; width=&#8220;100%&#8220; module_alignment=&#8220;center&#8220; custom_margin=&#8220;-17%|1703px||auto|false|false&#8220; custom_margin_tablet=&#8220;&#8220; custom_margin_phone=&#8220;-17%|1703px||auto|false|false&#8220; custom_margin_last_edited=&#8220;on|phone&#8220; custom_padding=&#8220;2%||0%||false|false&#8220;][et_pb_column type=&#8220;1_2&#8243; _builder_version=&#8220;4.6.6&#8243; _module_preset=&#8220;default&#8220; background_color=&#8220;#fcc000&#8243; custom_padding=&#8220;0px||0px|0px|true|false&#8220;][et_pb_text module_class=&#8220;titolo&#8220; _builder_version=&#8220;4.6.6&#8243; _module_preset=&#8220;default&#8220; header_font=&#8220;Teko|||on|||||&#8220; header_font_size=&#8220;13vw&#8220; header_letter_spacing=&#8220;-3px&#8220; header_line_height=&#8220;0.7em&#8220; custom_padding=&#8220;37%|||9%|false|false&#8220; custom_padding_tablet=&#8220;25%||||false|false&#8220; custom_padding_phone=&#8220;&#8220; custom_padding_last_edited=&#8220;on|desktop&#8220; header_font_size_tablet=&#8220;21vw&#8220; header_font_size_phone=&#8220;18vw&#8220; header_font_size_last_edited=&#8220;on|desktop&#8220; header_letter_spacing_tablet=&#8220;-2px&#8220; header_letter_spacing_phone=&#8220;-1px&#8220; header_letter_spacing_last_edited=&#8220;on|phone&#8220; custom_css_main_element=&#8220;position: absolute !important;&#8220;]<\/p>\n<h1 class=\"titolo\">unser UNTERNEHMEN<br \/><\/h1>\n<p>[\/et_pb_text][et_pb_button button_url=&#8220;https:\/\/geobau.it\/de\/kompetenzen\/&#8220; button_text=&#8220;Kompetenzen&#8220; _builder_version=&#8220;4.6.6&#8243; _module_preset=&#8220;default&#8220; custom_button=&#8220;on&#8220; button_text_size=&#8220;17px&#8220; button_text_color=&#8220;#000000&#8243; button_border_width=&#8220;4px&#8220; button_border_radius=&#8220;0px&#8220; button_font=&#8220;Teko|||on|||||&#8220; button_use_icon=&#8220;off&#8220; custom_margin=&#8220;81.2%|||10%|false|false&#8220; custom_margin_tablet=&#8220;65%||13%||false|false&#8220; custom_margin_phone=&#8220;&#8220; custom_margin_last_edited=&#8220;on|phone&#8220; custom_padding=&#8220;|40px||40px|false|false&#8220; button_text_color__hover_enabled=&#8220;on|hover&#8220; button_text_color__hover=&#8220;#fcc000&#8243; button_bg_color__hover_enabled=&#8220;on|hover&#8220; button_bg_color__hover=&#8220;#000000&#8243; button_bg_enable_color__hover=&#8220;on&#8220; button_border_color__hover_enabled=&#8220;on|hover&#8220; button_border_color__hover=&#8220;#000000&#8243;][\/et_pb_button][\/et_pb_column][et_pb_column type=&#8220;1_2&#8243; _builder_version=&#8220;4.6.6&#8243; _module_preset=&#8220;default&#8220; background_image=&#8220;https:\/\/geobau.it\/wp-content\/uploads\/2020\/10\/geobau_18.jpg&#8220; z_index=&#8220;1&#8243; custom_padding=&#8220;30%||18%||false|false&#8220; custom_padding_tablet=&#8220;&#8220; custom_padding_phone=&#8220;56%||18%||false|false&#8220; custom_padding_last_edited=&#8220;on|phone&#8220;][et_pb_image src=&#8220;https:\/\/geobau.it\/wp-content\/uploads\/2020\/10\/geobau_.png&#8220; title_text=&#8220;geobau_&#8220; _builder_version=&#8220;4.6.6&#8243; _module_preset=&#8220;default&#8220;][\/et_pb_image][\/et_pb_column][\/et_pb_row][\/et_pb_section][et_pb_section fb_built=&#8220;1&#8243; _builder_version=&#8220;4.6.6&#8243; _module_preset=&#8220;default&#8220; custom_padding=&#8220;0px||0px|||&#8220;][et_pb_row column_structure=&#8220;1_2,1_2&#8243; use_custom_gutter=&#8220;on&#8220; _builder_version=&#8220;4.6.6&#8243; _module_preset=&#8220;default&#8220; width=&#8220;100%&#8220; custom_padding=&#8220;0px||0px|||&#8220;][et_pb_column type=&#8220;1_2&#8243; _builder_version=&#8220;4.6.6&#8243; _module_preset=&#8220;default&#8220; background_color=&#8220;#000000&#8243;][et_pb_text _builder_version=&#8220;4.6.6&#8243; _module_preset=&#8220;default&#8220; header_font=&#8220;Teko|||on|||||&#8220; header_3_font=&#8220;Teko|||on|||||&#8220; header_3_text_color=&#8220;#000000&#8243; header_3_font_size=&#8220;52px&#8220; header_3_line_height=&#8220;0.9em&#8220; header_4_font=&#8220;Teko|||on|||||&#8220; header_4_text_color=&#8220;#fcc000&#8243; header_4_font_size=&#8220;32px&#8220; header_4_line_height=&#8220;0.9em&#8220; custom_padding=&#8220;12%|10%|11.9%|10%|false|false&#8220; header_3_font_size_tablet=&#8220;&#8220; header_3_font_size_phone=&#8220;39px&#8220; header_3_font_size_last_edited=&#8220;on|phone&#8220;]<\/p>\n<h3><span style=\"color: #ffffff;\">GEOBAU WAR DAS ERSTE UNTERNEHMEN IN S\u00dcDTIROL, WELCHES SICH MIT SPEZIALTIEFBAU BESCH\u00c4FTIGTE UND SICH AUF BOHRUNGEN F\u00dcR MIKROPF\u00c4HLE, VERSCHIEDENE ANKERSYSTEME UND VERNAGELTE SPRITZBETONW\u00c4NDE SPEZIALISIERTE.\u00a0<\/span><\/h3>\n<div><\/div>\n<p>[\/et_pb_text][\/et_pb_column][et_pb_column type=&#8220;1_2&#8243; _builder_version=&#8220;4.6.6&#8243; _module_preset=&#8220;default&#8220; background_color=&#8220;#ffffff&#8220; custom_css_main_element=&#8220;position: relative;&#8220;][et_pb_text _builder_version=&#8220;4.6.6&#8243; _module_preset=&#8220;default&#8220; header_4_line_height=&#8220;0.9em&#8220; custom_padding=&#8220;11.6%|10%|10%|10%|false|false&#8220;]<\/p>\n<h4>Das Unternehmen wurde 1989 gegr\u00fcndet und hat dank seiner langj\u00e4hrigen T\u00e4tigkeit in der speziellen Geologie des Alpenraums sowie Kontakten und Partnerschaften mit Unternehmen, Ingenieuren und Geologen, ein umfangreiches und einzigartiges Know-how aufgebaut. <\/p>\n<p>Dank dieser wichtigen Kooperationen und unserer langj\u00e4hrigen Erfahrung sind wir stets in der Lage, individuelle, zuverl\u00e4ssige und effiziente L\u00f6sungen f\u00fcr komplexe Herausforderungen im Bereich Spezialtiefbau und Sicherungsabreiten anzubieten.<\/h4>\n<p>[\/et_pb_text][\/et_pb_column][\/et_pb_row][\/et_pb_section][et_pb_section fb_built=&#8220;1&#8243; _builder_version=&#8220;4.6.6&#8243; _module_preset=&#8220;default&#8220; custom_padding=&#8220;0px||0px|||&#8220;][et_pb_row column_structure=&#8220;1_3,2_3&#8243; use_custom_gutter=&#8220;on&#8220; _builder_version=&#8220;4.6.6&#8243; _module_preset=&#8220;default&#8220; width=&#8220;100%&#8220; custom_padding=&#8220;0px||0px|||&#8220;][et_pb_column type=&#8220;1_3&#8243; _builder_version=&#8220;4.6.6&#8243; _module_preset=&#8220;default&#8220; background_color=&#8220;#ffffff&#8220;][et_pb_text _builder_version=&#8220;4.6.6&#8243; _module_preset=&#8220;default&#8220; header_4_text_color=&#8220;#fcc000&#8243; header_4_font_size=&#8220;24px&#8220; header_4_line_height=&#8220;0.9em&#8220; custom_padding=&#8220;11.6%|10%|10%|10%|false|false&#8220;]<\/p>\n<h4>MIT EINEM MOTIVIERTEN UND HOCHSPEZIALISIERTEN TEAM UND EINEM MODERNEN FUHRPARK GARANTIERT UNSER UNTERNEHMEN DIE AUSF\u00fcHRUNG VON ARBEITEN, DIE STETS AUF H\u00f6CHSTE QUALIT\u00e4T AUSGERICHTET SIND.<\/p>\n<p>WETTBEWERBSF\u00e4HIG UND IMMER BEREIT F\u00fcR NEUE HERAUSFORDERUNGEN BEST\u00e4TIGT SICH GEOBAU GMBH ALS IDEALER PARTNER F\u00fcR BAUFIRMEN, PLANUNGSB\u00fcROS, PRIVATE UND \u00f6FFENTLICHE AUFTRAGGEBER, DIE AUSF\u00fcHRUNG VON SPEZIELLEN KONSOLIDIERUNGSARBEITEN BENT\u00f6TIGEN.<\/h4>\n<p>[\/et_pb_text][\/et_pb_column][et_pb_column type=&#8220;2_3&#8243; _builder_version=&#8220;4.6.6&#8243; _module_preset=&#8220;default&#8220; background_enable_color=&#8220;off&#8220; background_image=&#8220;https:\/\/geobau.it\/wp-content\/uploads\/2020\/10\/geobau_8.jpg&#8220; custom_padding=&#8220;20%||20%||true|false&#8220; custom_padding_tablet=&#8220;&#8220; custom_padding_phone=&#8220;29%||29%||true|false&#8220; custom_padding_last_edited=&#8220;on|phone&#8220; custom_css_main_element=&#8220;position: relative;&#8220;][et_pb_text _builder_version=&#8220;4.6.6&#8243; _module_preset=&#8220;default&#8220;][\/et_pb_text][\/et_pb_column][\/et_pb_row][et_pb_row column_structure=&#8220;1_3,1_3,1_3&#8243; use_custom_gutter=&#8220;on&#8220; _builder_version=&#8220;4.6.6&#8243; _module_preset=&#8220;default&#8220; width=&#8220;100%&#8220; custom_padding=&#8220;0px||0px|||&#8220;][et_pb_column type=&#8220;1_3&#8243; _builder_version=&#8220;4.6.6&#8243; _module_preset=&#8220;default&#8220; background_color=&#8220;#000000&#8243;][et_pb_text _builder_version=&#8220;4.6.6&#8243; _module_preset=&#8220;default&#8220; header_font=&#8220;Teko|||on|||||&#8220; header_3_font=&#8220;Teko|||on|||||&#8220; header_3_text_color=&#8220;#000000&#8243; header_3_font_size=&#8220;3vw&#8220; header_3_line_height=&#8220;0.9em&#8220; header_4_font=&#8220;Teko|||on|||||&#8220; header_4_text_color=&#8220;#fcc000&#8243; header_4_font_size=&#8220;32px&#8220; header_4_line_height=&#8220;0.9em&#8220; custom_padding=&#8220;23.9%|10%|23.2%|10%|false|false&#8220; header_3_text_align_tablet=&#8220;center&#8220; header_3_text_align_phone=&#8220;&#8220; header_3_text_align_last_edited=&#8220;on|desktop&#8220; header_3_font_size_tablet=&#8220;13vw&#8220; header_3_font_size_phone=&#8220;&#8220; header_3_font_size_last_edited=&#8220;on|tablet&#8220;]<\/p>\n<h3><span color=\"#ffffff\" style=\"color: #ffffff;\">Zertifizierungen<\/span><\/h3>\n<p>[\/et_pb_text][\/et_pb_column][et_pb_column type=&#8220;1_3&#8243; _builder_version=&#8220;4.6.6&#8243; _module_preset=&#8220;default&#8220; background_color=&#8220;#ffffff&#8220; custom_css_main_element=&#8220;position: relative;&#8220;][et_pb_image src=&#8220;https:\/\/geobau.it\/wp-content\/uploads\/2021\/03\/ATAS-International.png&#8220; title_text=&#8220;ATAS-International&#8220; url=&#8220;https:\/\/geobau.it\/wp-content\/uploads\/2021\/03\/GEOBAU_ISO-9001-2015-SCAD.-09.2023.pdf&#8220; _builder_version=&#8220;4.6.6&#8243; _module_preset=&#8220;default&#8220; width=&#8220;200px&#8220; module_alignment=&#8220;center&#8220; custom_padding=&#8220;14%||5%||false|false&#8220; custom_padding_tablet=&#8220;&#8220; custom_padding_phone=&#8220;&#8220; custom_padding_last_edited=&#8220;on|desktop&#8220;][\/et_pb_image][\/et_pb_column][et_pb_column type=&#8220;1_3&#8243; _builder_version=&#8220;4.6.6&#8243; _module_preset=&#8220;default&#8220; background_color=&#8220;#ffffff&#8220; custom_css_main_element=&#8220;position: relative;&#8220;][et_pb_image src=&#8220;https:\/\/geobau.it\/wp-content\/uploads\/2022\/11\/geobau_logo_esna_soa.png&#8220; title_text=&#8220;geobau_logo_esna_soa&#8220; url=&#8220;https:\/\/geobau.it\/wp-content\/uploads\/2022\/11\/Bildschirmfoto-2022-11-08-um-08.27.54.png&#8220; _builder_version=&#8220;4.6.6&#8243; _module_preset=&#8220;default&#8220; width=&#8220;220px&#8220; module_alignment=&#8220;center&#8220; custom_padding=&#8220;22%||||false|false&#8220; custom_padding_tablet=&#8220;7%||17%||false|false&#8220; custom_padding_phone=&#8220;&#8220; custom_padding_last_edited=&#8220;on|phone&#8220; hover_enabled=&#8220;0&#8243; sticky_enabled=&#8220;0&#8243;][\/et_pb_image][\/et_pb_column][\/et_pb_row][\/et_pb_section]<\/p>\n","protected":false},"excerpt":{"rendered":"<p>[et_pb_section fb_built=&#8220;1&#8243; _builder_version=&#8220;4.6.6&#8243; _module_preset=&#8220;default&#8220; custom_padding=&#8220;||0px||false|false&#8220; custom_css_main_element=&#8220;position: relative;&#8220;][et_pb_row column_structure=&#8220;1_2,1_2&#8243; use_custom_gutter=&#8220;on&#8220; _builder_version=&#8220;4.6.6&#8243; _module_preset=&#8220;default&#8220; background_color=&#8220;#fcc000&#8243; width=&#8220;100%&#8220; module_alignment=&#8220;center&#8220; custom_margin=&#8220;-17%|1703px||auto|false|false&#8220; custom_margin_tablet=&#8220;&#8220; custom_margin_phone=&#8220;-17%|1703px||auto|false|false&#8220; custom_margin_last_edited=&#8220;on|phone&#8220; custom_padding=&#8220;2%||0%||false|false&#8220;][et_pb_column type=&#8220;1_2&#8243; _builder_version=&#8220;4.6.6&#8243; _module_preset=&#8220;default&#8220; background_color=&#8220;#fcc000&#8243; custom_padding=&#8220;0px||0px|0px|true|false&#8220;][et_pb_text module_class=&#8220;titolo&#8220; _builder_version=&#8220;4.6.6&#8243; _module_preset=&#8220;default&#8220; header_font=&#8220;Teko|||on|||||&#8220; header_font_size=&#8220;13vw&#8220; header_letter_spacing=&#8220;-3px&#8220; header_line_height=&#8220;0.7em&#8220; custom_padding=&#8220;37%|||9%|false|false&#8220; custom_padding_tablet=&#8220;25%||||false|false&#8220; custom_padding_phone=&#8220;&#8220; custom_padding_last_edited=&#8220;on|desktop&#8220; header_font_size_tablet=&#8220;21vw&#8220; header_font_size_phone=&#8220;18vw&#8220; header_font_size_last_edited=&#8220;on|desktop&#8220; header_letter_spacing_tablet=&#8220;-2px&#8220; header_letter_spacing_phone=&#8220;-1px&#8220; header_letter_spacing_last_edited=&#8220;on|phone&#8220; custom_css_main_element=&#8220;position: absolute !important;&#8220;] unser UNTERNEHMEN [\/et_pb_text][et_pb_button button_url=&#8220;https:\/\/geobau.it\/de\/kompetenzen\/&#8220; button_text=&#8220;Kompetenzen&#8220; _builder_version=&#8220;4.6.6&#8243; _module_preset=&#8220;default&#8220; custom_button=&#8220;on&#8220; button_text_size=&#8220;17px&#8220; button_text_color=&#8220;#000000&#8243; button_border_width=&#8220;4px&#8220; [&hellip;]<\/p>\n","protected":false},"author":2,"featured_media":0,"parent":0,"menu_order":0,"comment_status":"closed","ping_status":"closed","template":"","meta":{"_et_pb_use_builder":"on","_et_pb_old_content":"","_et_gb_content_width":""},"yoast_head":"<!-- This site is optimized with the Yoast SEO plugin v15.1.1 - https:\/\/yoast.com\/wordpress\/plugins\/seo\/ -->\n<title>UNTERNEHMEN - Geobau<\/title>\n<meta name=\"robots\" content=\"index, follow, max-snippet:-1, max-image-preview:large, max-video-preview:-1\" \/>\n<link rel=\"canonical\" href=\"https:\/\/geobau.it\/de\/unternehmen\/\" \/>\n<meta property=\"og:locale\" content=\"de_DE\" \/>\n<meta property=\"og:type\" content=\"article\" \/>\n<meta property=\"og:title\" content=\"UNTERNEHMEN - Geobau\" \/>\n<meta property=\"og:description\" content=\"[et_pb_section fb_built=&#8220;1&#8243; _builder_version=&#8220;4.6.6&#8243; _module_preset=&#8220;default&#8220; custom_padding=&#8220;||0px||false|false&#8220; custom_css_main_element=&#8220;position: relative;&#8220;][et_pb_row column_structure=&#8220;1_2,1_2&#8243; use_custom_gutter=&#8220;on&#8220; _builder_version=&#8220;4.6.6&#8243; _module_preset=&#8220;default&#8220; background_color=&#8220;#fcc000&#8243; width=&#8220;100%&#8220; module_alignment=&#8220;center&#8220; custom_margin=&#8220;-17%|1703px||auto|false|false&#8220; custom_margin_tablet=&#8220;&#8220; custom_margin_phone=&#8220;-17%|1703px||auto|false|false&#8220; custom_margin_last_edited=&#8220;on|phone&#8220; custom_padding=&#8220;2%||0%||false|false&#8220;][et_pb_column type=&#8220;1_2&#8243; _builder_version=&#8220;4.6.6&#8243; _module_preset=&#8220;default&#8220; background_color=&#8220;#fcc000&#8243; custom_padding=&#8220;0px||0px|0px|true|false&#8220;][et_pb_text module_class=&#8220;titolo&#8220; _builder_version=&#8220;4.6.6&#8243; _module_preset=&#8220;default&#8220; header_font=&#8220;Teko|||on|||||&#8220; header_font_size=&#8220;13vw&#8220; header_letter_spacing=&#8220;-3px&#8220; header_line_height=&#8220;0.7em&#8220; custom_padding=&#8220;37%|||9%|false|false&#8220; custom_padding_tablet=&#8220;25%||||false|false&#8220; custom_padding_phone=&#8220;&#8220; custom_padding_last_edited=&#8220;on|desktop&#8220; header_font_size_tablet=&#8220;21vw&#8220; header_font_size_phone=&#8220;18vw&#8220; header_font_size_last_edited=&#8220;on|desktop&#8220; header_letter_spacing_tablet=&#8220;-2px&#8220; header_letter_spacing_phone=&#8220;-1px&#8220; header_letter_spacing_last_edited=&#8220;on|phone&#8220; custom_css_main_element=&#8220;position: absolute !important;&#8220;] unser UNTERNEHMEN [\/et_pb_text][et_pb_button button_url=&#8220;https:\/\/geobau.it\/de\/kompetenzen\/&#8220; button_text=&#8220;Kompetenzen&#8220; _builder_version=&#8220;4.6.6&#8243; _module_preset=&#8220;default&#8220; custom_button=&#8220;on&#8220; button_text_size=&#8220;17px&#8220; button_text_color=&#8220;#000000&#8243; button_border_width=&#8220;4px&#8220; [&hellip;]\" \/>\n<meta property=\"og:url\" content=\"https:\/\/geobau.it\/de\/unternehmen\/\" \/>\n<meta property=\"og:site_name\" content=\"Geobau\" \/>\n<meta property=\"article:modified_time\" content=\"2022-11-08T07:51:42+00:00\" \/>\n<meta name=\"twitter:card\" content=\"summary_large_image\" \/>\n<script type=\"application\/ld+json\" class=\"yoast-schema-graph\">{\"@context\":\"https:\/\/schema.org\",\"@graph\":[{\"@type\":\"WebSite\",\"@id\":\"https:\/\/geobau.it\/de\/#website\",\"url\":\"https:\/\/geobau.it\/de\/\",\"name\":\"Geobau\",\"description\":\"Geobau consolidamenti e opere speciali\",\"potentialAction\":[{\"@type\":\"SearchAction\",\"target\":\"https:\/\/geobau.it\/de\/?s={search_term_string}\",\"query-input\":\"required name=search_term_string\"}],\"inLanguage\":\"de\"},{\"@type\":\"WebPage\",\"@id\":\"https:\/\/geobau.it\/de\/unternehmen\/#webpage\",\"url\":\"https:\/\/geobau.it\/de\/unternehmen\/\",\"name\":\"UNTERNEHMEN - Geobau\",\"isPartOf\":{\"@id\":\"https:\/\/geobau.it\/de\/#website\"},\"datePublished\":\"2020-10-21T14:27:34+00:00\",\"dateModified\":\"2022-11-08T07:51:42+00:00\",\"inLanguage\":\"de\",\"potentialAction\":[{\"@type\":\"ReadAction\",\"target\":[\"https:\/\/geobau.it\/de\/unternehmen\/\"]}]}]}<\/script>\n<!-- \/ Yoast SEO plugin. -->","_links":{"self":[{"href":"https:\/\/geobau.it\/de\/wp-json\/wp\/v2\/pages\/1370\/"}],"collection":[{"href":"https:\/\/geobau.it\/de\/wp-json\/wp\/v2\/pages\/"}],"about":[{"href":"https:\/\/geobau.it\/de\/wp-json\/wp\/v2\/types\/page\/"}],"author":[{"embeddable":true,"href":"https:\/\/geobau.it\/de\/wp-json\/wp\/v2\/users\/2\/"}],"replies":[{"embeddable":true,"href":"https:\/\/geobau.it\/de\/wp-json\/wp\/v2\/comments\/?post=1370"}],"version-history":[{"count":16,"href":"https:\/\/geobau.it\/de\/wp-json\/wp\/v2\/pages\/1370\/revisions\/"}],"predecessor-version":[{"id":1859,"href":"https:\/\/geobau.it\/de\/wp-json\/wp\/v2\/pages\/1370\/revisions\/1859\/"}],"wp:attachment":[{"href":"https:\/\/geobau.it\/de\/wp-json\/wp\/v2\/media\/?parent=1370"}],"curies":[{"name":"wp","href":"https:\/\/api.w.org\/{rel}","templated":true}]}}