{"id":1583,"date":"2020-10-19T07:32:52","date_gmt":"2020-10-19T07:32:52","guid":{"rendered":"https:\/\/geobau.it\/privacy-policy\/"},"modified":"2021-04-26T13:34:08","modified_gmt":"2021-04-26T13:34:08","slug":"privacy-policy","status":"publish","type":"page","link":"https:\/\/geobau.it\/de\/privacy-policy\/","title":{"rendered":"Privacy Policy"},"content":{"rendered":"<p>[et_pb_section fb_built=&#8220;1&#8243; _builder_version=&#8220;3.22&#8243;][et_pb_row column_structure=&#8220;3_5,2_5&#8243; _builder_version=&#8220;3.25&#8243; background_size=&#8220;initial&#8220; background_position=&#8220;top_left&#8220; background_repeat=&#8220;repeat&#8220;][et_pb_column type=&#8220;3_5&#8243; _builder_version=&#8220;3.25&#8243; custom_padding=&#8220;|||&#8220; custom_padding__hover=&#8220;|||&#8220;][et_pb_text _builder_version=&#8220;4.6.6&#8243; background_size=&#8220;initial&#8220; background_position=&#8220;top_left&#8220; background_repeat=&#8220;repeat&#8220; hover_enabled=&#8220;0&#8243; sticky_enabled=&#8220;0&#8243;]<\/p>\n<h3>Privacy Policy<\/h3>\n<h1><\/h1>\n<p><strong>Geobau<\/strong><strong> GmbH erl\u00e4utert auf dieser Seite, wie sie die Daten der Benutzer, die ihre Website besuchen, verarbeitet und wie die Cookies funktionieren, die auf dieser Website installiert werden.<\/strong><\/p>\n<p>Diese Datenschutzbestimmungen werden gem\u00e4\u00df Art. 13 DSGVO 2016\/679 (EU-Datenschutz-Grundverordnung, Verordnung der Europ\u00e4ischen Union, mit der die Regeln f\u00fcr die Verarbeitung von personenbezogenen Daten vereinheitlicht werden), der Empfehlung Nr. 2\/2001 der Arbeitsgruppe gem\u00e4\u00df Art. 29 und der allgemeinen Verf\u00fcgung der Datenschutzbeh\u00f6rde \u00fcber Cookies Nr. 229 vom 8. Mai 2014 erteilt.<\/p>\n<p>Die folgenden Angaben gelten ausschlie\u00dflich f\u00fcr die Website www.geobau.it. Der Verantwortliche f\u00fcr die Datenverarbeitung haftet nicht f\u00fcr die Daten und Cookies, die von Websites von Drittanbietern, die eventuell \u00fcber Links konsultiert werden, eingef\u00fcgt bzw. installiert werden.<\/p>\n<p>&nbsp;<\/p>\n<h3>Zweck der Datenverarbeitung und verpflichtende Angabe<\/h3>\n<p>Geobau GmbH verarbeitet die Daten, die der Benutzer freiwillig mittels der auf der Website verf\u00fcgbaren Formulare (Kontakt) angibt, ausschlie\u00dflich, um Ihre Anfrage zu beantworten. F\u00fcr weitere Zwecke (zum Beispiel, jedoch nicht ausschlie\u00dflich Marketing oder Weitergabe Ihrer Daten an Gesellschaften, mit denen wir zwecks deren Marketings eine Partnerschaft pflegen) bitten wir Sie ausdr\u00fccklich und unter Angabe des jeweiligen Grunds um Ihre ausdr\u00fcckliche, freiwillige und separate Einwilligung abgesehen von der Einwilligung, die Sie geben, um Ihre Anfragen zu beantworten.<\/p>\n<p>Die Angabe der Daten und die Einwilligung in deren Verarbeitung sind notwendig, um Ihre Anfragen bearbeiten zu k\u00f6nnen. Die Einwilligung in die Verarbeitung zu weiteren Zwecken ist freiwillig.<\/p>\n<p>Was die Daten betrifft, die unsere Website mittels der Installation von Cookies erhebt, wird dagegen auf den entsprechenden Bereich (\u201eCookies unserer Website\u201c) verwiesen.<\/p>\n<p>&nbsp;<\/p>\n<h3>Verarbeitungsmodalit\u00e4ten, automatische Entscheidungsprozesse und Aufbewahrungsfristen der Daten<\/h3>\n<p>Ihre Daten werden elektronisch verarbeitet, auch wenn potenzielle Verarbeitungen in Papierform nicht ausgeschlossen sind. Automatische Entscheidungsprozesse werden zur Verarbeitung Ihrer personenbezogenen Daten nicht herangezogen.<\/p>\n<p>Die Sie betreffenden personenbezogenen Daten, die \u00fcber die Formulare auf unserer Website erhoben werden, werden f\u00fcr den Zeitraum aufbewahrt, der unbedingt notwendig ist, um Ihre Anfragen zu bearbeiten. M\u00fcssen die Daten gem\u00e4\u00df einer weiteren Rechtsvorschrift l\u00e4nger aufbewahrt werden, halten wir uns an die entsprechenden Vorgaben. Die \u00fcber Cookies erhobenen Daten werden f\u00fcr den Zeitraum aufbewahrt, der f\u00fcr jeden einzelnen Cookie angegeben ist.<\/p>\n<p>&nbsp;<\/p>\n<h3>Mitteilung, Verbreitung und Weitergabe von Daten an Drittl\u00e4nder oder internationale Organisationen<\/h3>\n<p>Ihre Daten werden ohne Ihre ausdr\u00fcckliche, freiwillige Einwilligung an Dritte, die nicht Geobau GmbH sind, weder mitgeteilt noch weitergegeben. Die von Ihnen angegebenen Daten werden nicht in Drittl\u00e4nder oder an internationale Organisationen au\u00dferhalb der EU \u00fcbermittelt.<\/p>\n<p>&nbsp;<\/p>\n<h3>Rechte der betroffenen Person und Beschwerde bei der Datenschutzbeh\u00f6rde<\/h3>\n<p>Sie haben das Recht, von uns jederzeit den Zugang zu den Daten, die Sie betreffen, deren \u00c4nderung, Erg\u00e4nzung oder L\u00f6schung zu verlangen sowie bei berechtigten Gr\u00fcnden sich deren Verarbeitung zu widersetzen oder zu fordern, dass diese eingeschr\u00e4nkt wird. Zudem sind Sie berechtigt, die \u00dcbertragung der betreffenden Daten auf einen anderen Verantwortlichen zu verlangen. Wir beantworten Ihre Anfrage schriftlich innerhalb von 30 Tagen. Sie k\u00f6nnen die Einwilligungen, die Sie auf dieser Website gegeben haben, jederzeit widerrufen. Hierzu wenden Sie sich bitte an eine der im Abschnitt \u201eAngaben zum Verantwortlichen und zum etwaigen Datenschutzbeauftragten\u201c genannten Adressen. Sie haben zudem die M\u00f6glichkeit, eine Beschwerde bei der staatlichen Aufsichtsbeh\u00f6rde einzureichen, wenn Sie der Meinung sind, dass Ihre Daten widerrechtlich verarbeitet wurden.<\/p>\n<p>&nbsp;<\/p>\n<h3>Angaben zum Verantwortlichen<\/h3>\n<p>Der Verantwortliche ist Geobau GmbH mit Rechtssitz in Bozner Boden &#8211; Mitterweg 27, 39100 Bozen (BZ). Um die gem\u00e4\u00df den Rechtsvorschriften vorgesehenen Rechte in Anspruch zu nehmen, besteht die M\u00f6glichkeit, sich an den Verantwortlichen an dessen Sitz oder telefonisch unter der Nummer 0471 301011 zu wenden.<\/p>\n<p>&nbsp;<\/p>\n<h3><\/h3>\n<h3><\/h3>\n<h3><\/h3>\n<h3><\/h3>\n<h3><\/h3>\n<h3>COOKIES UNSERER WEBSITE<\/h3>\n<h3>Navigationsdaten<\/h3>\n<p>Diese Website erhebt implizit durch die Nutzung von Internetkommunikationsprotokollen f\u00fcr ihren und w\u00e4hrend des Normalbetriebs einige personenbezogene Daten der Benutzer, welche die Website aufrufen, wie IP-Adresse, Dom\u00e4nennamen der von den Benutzern zum Aufrufen der Website genutzten Rechner, MAC-Adressen, die vom Hersteller der Netzwerkkarten zugeordnet werden, WLAN usw.<\/p>\n<p>Diese Informationen werden nicht erhoben, um die Benutzer zu identifizieren, was jedoch durch Verkn\u00fcpfungen und auch durch mit Daten Dritter \u00fcberkreuzte Verarbeitungen der Fall sein k\u00f6nnte. Aus diesen Daten werden statistische Informationen \u00fcber die Nutzung der Website und deren Funktionsweise sowie weitere Informationen bei der Feststellung von Haftungen bei Computerkriminalit\u00e4t gewonnen.<\/p>\n<p>&nbsp;<\/p>\n<h3>Was sind Cookies?<\/h3>\n<p>Cookies sind kleine Textdateien, welche die vom Benutzer besuchten Websites auf dessen Endger\u00e4t ablegen. Diese Datens\u00e4tze werden bei einem erneuten Besuch seitens des Benutzers wieder an die Website \u00fcbermittelt, die sie abgelegt hat. Erh\u00e4lt der Benutzer bei der Navigation auf der Website auch Cookies, die andere Websites oder Webserver \u00fcbermitteln, spricht man von Third-Party-Cookies.<\/p>\n<p>Cookies werden aus unterschiedlichen Gr\u00fcnden abgelegt. Dazu geh\u00f6rt auch die M\u00f6glichkeit, EDV-Authentifizierungen durchzuf\u00fchren, die Navigationssitzungen zu \u00fcberwachen, die Sprache auszuw\u00e4hlen.<\/p>\n<p>&nbsp;<\/p>\n<h3>First- und Third-Party-Cookies<\/h3>\n<p>Die Cookies, die direkt von Geobau GmbH abgelegt werden, sind \u201eFirst-Party-Cookies\u201c oder Cookies von Erstanbietern. Die Cookies dagegen, die von einer Website abgelegt und erhoben werden, die nicht die Website ist, auf welcher der Benutzer navigiert, werden als \u201eThird-Party-Cookies\u201c oder Cookies von Drittanbietern bezeichnet.<\/p>\n<p>Zu den Third-Party-Cookies geh\u00f6ren die Social Buttons (oder Social Plug-ins), die der Website erm\u00f6glichen, mit den bekanntesten sozialen Medien wie Facebook, Instagram, LinkedIn, Twitter usw. zu interagieren, oder die Google-Analytics-Cookies und diejenigen, die notwendig sind, um Youtube-Frames usw. zu implementieren. Was die Third-Party-Cookies betrifft, haften die Drittanbieter, auf die sich diese Cookies beziehen, daf\u00fcr, den Datenschutzhinweis und die Informationen \u00fcber die Verwaltung der erhobenen Daten zu liefern.<\/p>\n<p>&nbsp;<\/p>\n<h3>Arten von Cookies<\/h3>\n<p><em><u>Technische Cookies<\/u><\/em><\/p>\n<p>Technische Cookies werden normalerweise direkt vom Betreiber der Website installiert und erm\u00f6glichen die Kommunikation zwischen Website und Benutzer. Dabei kann es sich um Navigations- oder Sitzungscookies handeln, die f\u00fcr die normale Navigation und Nutzung der Website sorgen. Diese werden in der Regel f\u00fcr die Dauer der Navigation auf der Website entsprechend gespeichert. Dar\u00fcber hinaus gibt es Funktionscookies, welche die bessere Nutzung der Website erm\u00f6glichen, wie beispielsweise diejenigen f\u00fcr die Auswahl der Sprache der Website, f\u00fcr das Hinzuf\u00fcgen von ausgew\u00e4hlten Artikeln zum Warenkorb usw.<\/p>\n<p>Da diese Cookies f\u00fcr das Funktionieren der Website unerl\u00e4sslich sind, ist f\u00fcr deren Ablage auf dem Endger\u00e4t des Benutzers keine vorherige Einwilligung erforderlich.<\/p>\n<p>&nbsp;<\/p>\n<p><em><u>Analysecookies<\/u><\/em><\/p>\n<p>Dabei handelt es sich um Cookies, anhand derer Informationen \u00fcber die Benutzer in mehr oder minder aggregierter Form erhoben werden k\u00f6nnen, wie beispielsweise zur Zahl der Benutzer, welche die Website besuchen, oder zu den Besuchsmodalit\u00e4ten der Website. Eins der bekanntesten Instrumente zur Erstellung dieser statistischen Berichte ist Google Analytics, ein Service der Google Inc.<\/p>\n<p>Analysecookies k\u00f6nnen mit technischen Cookies gleichgestellt werden, wenn die Informationen in aggregierter Form erhoben werden und keine M\u00f6glichkeit besteht, die Gewohnheiten einzelner Benutzer zu identifizieren. Was insbesondere die Google-Analytics-Cookies betrifft, ist es zumindest teilweise notwendig, die IP-Adresse des Nutzers, der die Website besucht, in eine anonyme Form umzuwandeln und die Weitergabe der Daten per Google zu eliminieren. Wenn eine solche Umwandlung in anonyme Form und die Unterbindung der Weitergabe nicht m\u00f6glich sind, fallen diese Cookies unter die Profiling-Cookies.<\/p>\n<p>&nbsp;<\/p>\n<p><em><u>Profiling-Cookies<\/u><\/em><\/p>\n<p>Diese Cookies werden genutzt, um Vorlieben eines Benutzers aufzuzeichnen und diesem Werbebotschaften auf der Grundlage der gewonnenen Erkenntnisse zu unterbreiten. Diese Cookies sind besonders invasiv, und vor deren Ablage auf dem Endger\u00e4t des Benutzers muss dessen Einwilligung eingeholt werden.<strong>\u00a0<\/strong><\/p>\n<p>&nbsp;<\/p>\n<h3><strong>Banner beim ersten Zugriff<\/strong><\/h3>\n<p>Gem\u00e4\u00df der Verf\u00fcgung der Datenschutzbeh\u00f6rde vom 8. Mai 2014 muss bei der Verwendung von Cookies, die keine technischen Cookies sind, beim ersten Zugriff des Benutzers auf die Website ein Banner (sog. Kurzhinweis) eingerichtet werden, in dem kurz zusammengefasst angegeben ist, wie die Website mit Cookies umgeht, und das einen Verweis auf die erweiterten Datenschutzbestimmungen enth\u00e4lt.<\/p>\n<p>Geobau GmbH hat das oben genannte Banner eingerichtet. Wenn der Benutzer auf \u201eOK\u201c klickt, akzeptiert er, dass die Cookies abgelegt werden, und kann die Website weiter nutzen. Zudem wurde ein spezieller Cookie vorgesehen, der die Wahl des Benutzers, was die Installation von Cookies betrifft, f\u00fcr einen Zeitraum von 365 Tagen speichert: Das bedeutet, dass der Benutzer den Cookie nur einmal angezeigt bekommt. Wenn er seine Wahl zu einem sp\u00e4teren Zeitpunkt \u00e4ndern m\u00f6chte, muss er die Anweisungen unter \u201eAnweisungen zum Deaktivieren von Cookies\u201c befolgen.<\/p>\n<p>&nbsp;<\/p>\n<p><strong>\u00dcbersicht \u00fcber die von <\/strong><strong>Geobau<\/strong><strong> GmbH installierten Cookies<\/strong><\/p>\n<p>Unsere Website installiert die folgenden Cookies:<\/p>\n<p>&nbsp;<\/p>\n<table width=\"527\">\n<tbody>\n<tr>\n<td width=\"127\"><strong>Name des Cookie<\/strong><\/td>\n<td width=\"143\"><strong>Pfad<\/strong><\/td>\n<td width=\"64\"><strong>Dauer<\/strong><\/td>\n<td width=\"103\"><strong>Funktion<\/strong><\/td>\n<td width=\"90\"><strong>Art des Cookie (technisches Cookie, Analysecookie, Profiling-Cookie)<\/strong><\/td>\n<\/tr>\n<tr>\n<td width=\"127\">JSESSIONID<\/td>\n<td width=\"143\">\/Ecommerce<\/td>\n<td width=\"64\">Session<\/td>\n<td width=\"103\">Cookie per la gestione della sessione<\/td>\n<td width=\"90\">technisches Cookie<\/td>\n<\/tr>\n<tr>\n<td width=\"127\">displayCookieConsent<\/td>\n<td width=\"143\">\/Ecommerce\/Bautechnik\/<\/td>\n<td width=\"64\">Session<\/td>\n<td width=\"103\">Cookie che registra la scelta in materia di cookie<\/td>\n<td width=\"90\">technisches Cookie<\/td>\n<\/tr>\n<tr>\n<td width=\"127\">Google Analytics<\/td>\n<td width=\"143\">\/<\/td>\n<td width=\"64\"><\/td>\n<td width=\"103\">Monitora la generazione di statistiche sull\u2019utilizzo del sito web<\/td>\n<td width=\"90\">Profiling-Cookie<\/td>\n<\/tr>\n<\/tbody>\n<\/table>\n<p>&nbsp;<\/p>\n<h3>Anweisungen zum Deaktivieren von Cookies<\/h3>\n<p><span style=\"color: #000000;\"><strong><a href=\"https:\/\/support.google.com\/chrome\/answer\/95647?hl=it\" style=\"color: #000000;\">Google Chrome<\/a><\/strong><\/span><br \/> <span style=\"color: #000000;\"><strong> <a href=\"https:\/\/support.microsoft.com\/it-it\/help\/17442\/windows-internet-explorer-delete-manage-cookies\" style=\"color: #000000;\">Internet Explorer<\/a><\/strong><\/span><br \/> <span style=\"color: #000000;\"><strong> <a href=\"https:\/\/support.mozilla.org\/it\/kb\/Attivare%20e%20disattivare%20i%20cookie%20Safari: https:\/\/support.apple.com\/it-it\/HT201265\" style=\"color: #000000;\">Mozilla Firefox<br \/> <\/a><\/strong><\/span><span style=\"color: #000000;\"><strong><a href=\"https:\/\/support.apple.com\/it-it\/HT201265\" style=\"color: #000000;\">Safari<\/a><\/strong><\/span><\/p>\n<p>Link zu den Datenschutzbestimmungen der Drittanbieter, die Cookies ablegen<br \/> <strong><span style=\"color: #000000;\"><a href=\"https:\/\/www.google.com\/intl\/it_it\/policies\/technologies\/cookies\/\" style=\"color: #000000;\">Google, Youtube<\/a><\/span><\/strong><\/p>\n<p>[\/et_pb_text][\/et_pb_column][et_pb_column type=&#8220;2_5&#8243; _builder_version=&#8220;3.25&#8243; custom_padding=&#8220;|||&#8220; custom_padding__hover=&#8220;|||&#8220;][\/et_pb_column][\/et_pb_row][\/et_pb_section]<\/p>\n","protected":false},"excerpt":{"rendered":"<p>[et_pb_section fb_built=&#8220;1&#8243; _builder_version=&#8220;3.22&#8243;][et_pb_row column_structure=&#8220;3_5,2_5&#8243; _builder_version=&#8220;3.25&#8243; background_size=&#8220;initial&#8220; background_position=&#8220;top_left&#8220; background_repeat=&#8220;repeat&#8220;][et_pb_column type=&#8220;3_5&#8243; _builder_version=&#8220;3.25&#8243; custom_padding=&#8220;|||&#8220; custom_padding__hover=&#8220;|||&#8220;][et_pb_text _builder_version=&#8220;4.6.6&#8243; background_size=&#8220;initial&#8220; background_position=&#8220;top_left&#8220; background_repeat=&#8220;repeat&#8220; hover_enabled=&#8220;0&#8243; sticky_enabled=&#8220;0&#8243;] Privacy Policy Geobau GmbH erl\u00e4utert auf dieser Seite, wie sie die Daten der Benutzer, die ihre Website besuchen, verarbeitet und wie die Cookies funktionieren, die auf dieser Website installiert werden. Diese Datenschutzbestimmungen werden gem\u00e4\u00df Art. 13 DSGVO [&hellip;]<\/p>\n","protected":false},"author":1,"featured_media":0,"parent":0,"menu_order":0,"comment_status":"closed","ping_status":"closed","template":"","meta":{"_et_pb_use_builder":"on","_et_pb_old_content":"<!-- wp:heading --><h2>Who we are<\/h2><!-- \/wp:heading --><!-- wp:paragraph --><p>Our website address is: https:\/\/geobau.it.<\/p><!-- \/wp:paragraph --><!-- wp:heading --><h2>What personal data we collect and why we collect it<\/h2><!-- \/wp:heading --><!-- wp:heading {\"level\":3} --><h3>Comments<\/h3><!-- \/wp:heading --><!-- wp:paragraph --><p>When visitors leave comments on the site we collect the data shown in the comments form, and also the visitor\u2019s IP address and browser user agent string to help spam detection.<\/p><!-- \/wp:paragraph --><!-- wp:paragraph --><p>An anonymized string created from your email address (also called a hash) may be provided to the Gravatar service to see if you are using it. The Gravatar service privacy policy is available here: https:\/\/automattic.com\/privacy\/. After approval of your comment, your profile picture is visible to the public in the context of your comment.<\/p><!-- \/wp:paragraph --><!-- wp:heading {\"level\":3} --><h3>Media<\/h3><!-- \/wp:heading --><!-- wp:paragraph --><p>If you upload images to the website, you should avoid uploading images with embedded location data (EXIF GPS) included. Visitors to the website can download and extract any location data from images on the website.<\/p><!-- \/wp:paragraph --><!-- wp:heading {\"level\":3} --><h3>Contact forms<\/h3><!-- \/wp:heading --><!-- wp:heading {\"level\":3} --><h3>Cookies<\/h3><!-- \/wp:heading --><!-- wp:paragraph --><p>If you leave a comment on our site you may opt-in to saving your name, email address and website in cookies. These are for your convenience so that you do not have to fill in your details again when you leave another comment. These cookies will last for one year.<\/p><!-- \/wp:paragraph --><!-- wp:paragraph --><p>If you visit our login page, we will set a temporary cookie to determine if your browser accepts cookies. This cookie contains no personal data and is discarded when you close your browser.<\/p><!-- \/wp:paragraph --><!-- wp:paragraph --><p>When you log in, we will also set up several cookies to save your login information and your screen display choices. Login cookies last for two days, and screen options cookies last for a year. If you select \"Remember Me\", your login will persist for two weeks. If you log out of your account, the login cookies will be removed.<\/p><!-- \/wp:paragraph --><!-- wp:paragraph --><p>If you edit or publish an article, an additional cookie will be saved in your browser. This cookie includes no personal data and simply indicates the post ID of the article you just edited. It expires after 1 day.<\/p><!-- \/wp:paragraph --><!-- wp:heading {\"level\":3} --><h3>Embedded content from other websites<\/h3><!-- \/wp:heading --><!-- wp:paragraph --><p>Articles on this site may include embedded content (e.g. videos, images, articles, etc.). Embedded content from other websites behaves in the exact same way as if the visitor has visited the other website.<\/p><!-- \/wp:paragraph --><!-- wp:paragraph --><p>These websites may collect data about you, use cookies, embed additional third-party tracking, and monitor your interaction with that embedded content, including tracking your interaction with the embedded content if you have an account and are logged in to that website.<\/p><!-- \/wp:paragraph --><!-- wp:heading {\"level\":3} --><h3>Analytics<\/h3><!-- \/wp:heading --><!-- wp:heading --><h2>Who we share your data with<\/h2><!-- \/wp:heading --><!-- wp:heading --><h2>How long we retain your data<\/h2><!-- \/wp:heading --><!-- wp:paragraph --><p>If you leave a comment, the comment and its metadata are retained indefinitely. This is so we can recognize and approve any follow-up comments automatically instead of holding them in a moderation queue.<\/p><!-- \/wp:paragraph --><!-- wp:paragraph --><p>For users that register on our website (if any), we also store the personal information they provide in their user profile. All users can see, edit, or delete their personal information at any time (except they cannot change their username). Website administrators can also see and edit that information.<\/p><!-- \/wp:paragraph --><!-- wp:heading --><h2>What rights you have over your data<\/h2><!-- \/wp:heading --><!-- wp:paragraph --><p>If you have an account on this site, or have left comments, you can request to receive an exported file of the personal data we hold about you, including any data you have provided to us. You can also request that we erase any personal data we hold about you. This does not include any data we are obliged to keep for administrative, legal, or security purposes.<\/p><!-- \/wp:paragraph --><!-- wp:heading --><h2>Where we send your data<\/h2><!-- \/wp:heading --><!-- wp:paragraph --><p>Visitor comments may be checked through an automated spam detection service.<\/p><!-- \/wp:paragraph --><!-- wp:heading --><h2>Your contact information<\/h2><!-- \/wp:heading --><!-- wp:heading --><h2>Additional information<\/h2><!-- \/wp:heading --><!-- wp:heading {\"level\":3} --><h3>How we protect your data<\/h3><!-- \/wp:heading --><!-- wp:heading {\"level\":3} --><h3>What data breach procedures we have in place<\/h3><!-- \/wp:heading --><!-- wp:heading {\"level\":3} --><h3>What third parties we receive data from<\/h3><!-- \/wp:heading --><!-- wp:heading {\"level\":3} --><h3>What automated decision making and\/or profiling we do with user data<\/h3><!-- \/wp:heading --><!-- wp:heading {\"level\":3} --><h3>Industry regulatory disclosure requirements<\/h3><!-- \/wp:heading -->","_et_gb_content_width":""},"yoast_head":"<!-- This site is optimized with the Yoast SEO plugin v15.1.1 - https:\/\/yoast.com\/wordpress\/plugins\/seo\/ -->\n<title>Privacy Policy - Geobau<\/title>\n<meta name=\"robots\" content=\"index, follow, max-snippet:-1, max-image-preview:large, max-video-preview:-1\" \/>\n<link rel=\"canonical\" href=\"https:\/\/geobau.it\/de\/privacy-policy\/\" \/>\n<meta property=\"og:locale\" content=\"de_DE\" \/>\n<meta property=\"og:type\" content=\"article\" \/>\n<meta property=\"og:title\" content=\"Privacy Policy - Geobau\" \/>\n<meta property=\"og:description\" content=\"[et_pb_section fb_built=&#8220;1&#8243; _builder_version=&#8220;3.22&#8243;][et_pb_row column_structure=&#8220;3_5,2_5&#8243; _builder_version=&#8220;3.25&#8243; background_size=&#8220;initial&#8220; background_position=&#8220;top_left&#8220; background_repeat=&#8220;repeat&#8220;][et_pb_column type=&#8220;3_5&#8243; _builder_version=&#8220;3.25&#8243; custom_padding=&#8220;|||&#8220; custom_padding__hover=&#8220;|||&#8220;][et_pb_text _builder_version=&#8220;4.6.6&#8243; background_size=&#8220;initial&#8220; background_position=&#8220;top_left&#8220; background_repeat=&#8220;repeat&#8220; hover_enabled=&#8220;0&#8243; sticky_enabled=&#8220;0&#8243;] Privacy Policy Geobau GmbH erl\u00e4utert auf dieser Seite, wie sie die Daten der Benutzer, die ihre Website besuchen, verarbeitet und wie die Cookies funktionieren, die auf dieser Website installiert werden. Diese Datenschutzbestimmungen werden gem\u00e4\u00df Art. 13 DSGVO [&hellip;]\" \/>\n<meta property=\"og:url\" content=\"https:\/\/geobau.it\/de\/privacy-policy\/\" \/>\n<meta property=\"og:site_name\" content=\"Geobau\" \/>\n<meta property=\"article:modified_time\" content=\"2021-04-26T13:34:08+00:00\" \/>\n<meta name=\"twitter:card\" content=\"summary_large_image\" \/>\n<script type=\"application\/ld+json\" class=\"yoast-schema-graph\">{\"@context\":\"https:\/\/schema.org\",\"@graph\":[{\"@type\":\"WebSite\",\"@id\":\"https:\/\/geobau.it\/de\/#website\",\"url\":\"https:\/\/geobau.it\/de\/\",\"name\":\"Geobau\",\"description\":\"Geobau consolidamenti e opere speciali\",\"potentialAction\":[{\"@type\":\"SearchAction\",\"target\":\"https:\/\/geobau.it\/de\/?s={search_term_string}\",\"query-input\":\"required name=search_term_string\"}],\"inLanguage\":\"de\"},{\"@type\":\"WebPage\",\"@id\":\"https:\/\/geobau.it\/de\/privacy-policy\/#webpage\",\"url\":\"https:\/\/geobau.it\/de\/privacy-policy\/\",\"name\":\"Privacy Policy - Geobau\",\"isPartOf\":{\"@id\":\"https:\/\/geobau.it\/de\/#website\"},\"datePublished\":\"2020-10-19T07:32:52+00:00\",\"dateModified\":\"2021-04-26T13:34:08+00:00\",\"inLanguage\":\"de\",\"potentialAction\":[{\"@type\":\"ReadAction\",\"target\":[\"https:\/\/geobau.it\/de\/privacy-policy\/\"]}]}]}<\/script>\n<!-- \/ Yoast SEO plugin. -->","_links":{"self":[{"href":"https:\/\/geobau.it\/de\/wp-json\/wp\/v2\/pages\/1583\/"}],"collection":[{"href":"https:\/\/geobau.it\/de\/wp-json\/wp\/v2\/pages\/"}],"about":[{"href":"https:\/\/geobau.it\/de\/wp-json\/wp\/v2\/types\/page\/"}],"author":[{"embeddable":true,"href":"https:\/\/geobau.it\/de\/wp-json\/wp\/v2\/users\/1\/"}],"replies":[{"embeddable":true,"href":"https:\/\/geobau.it\/de\/wp-json\/wp\/v2\/comments\/?post=1583"}],"version-history":[{"count":4,"href":"https:\/\/geobau.it\/de\/wp-json\/wp\/v2\/pages\/1583\/revisions\/"}],"predecessor-version":[{"id":1588,"href":"https:\/\/geobau.it\/de\/wp-json\/wp\/v2\/pages\/1583\/revisions\/1588\/"}],"wp:attachment":[{"href":"https:\/\/geobau.it\/de\/wp-json\/wp\/v2\/media\/?parent=1583"}],"curies":[{"name":"wp","href":"https:\/\/api.w.org\/{rel}","templated":true}]}}