{"id":1599,"date":"2021-04-26T13:38:29","date_gmt":"2021-04-26T13:38:29","guid":{"rendered":"https:\/\/geobau.it\/privacy\/"},"modified":"2021-04-26T13:43:07","modified_gmt":"2021-04-26T13:43:07","slug":"privacy","status":"publish","type":"page","link":"https:\/\/geobau.it\/de\/privacy\/","title":{"rendered":"Privacy"},"content":{"rendered":"<p>[et_pb_section fb_built=&#8220;1&#8243; _builder_version=&#8220;3.22&#8243;][et_pb_row column_structure=&#8220;3_5,2_5&#8243; _builder_version=&#8220;3.25&#8243; background_size=&#8220;initial&#8220; background_position=&#8220;top_left&#8220; background_repeat=&#8220;repeat&#8220;][et_pb_column type=&#8220;3_5&#8243; _builder_version=&#8220;3.25&#8243; custom_padding=&#8220;|||&#8220; custom_padding__hover=&#8220;|||&#8220;][et_pb_text _builder_version=&#8220;4.6.6&#8243; background_size=&#8220;initial&#8220; background_position=&#8220;top_left&#8220; background_repeat=&#8220;repeat&#8220; hover_enabled=&#8220;0&#8243; sticky_enabled=&#8220;0&#8243;]<\/p>\n<h1>Privacy<\/h1>\n<p>&nbsp;<\/p>\n<h4>Information im Sinne des Artikels 13 DSG-VO EU Verordnung 2016\/679<br \/> \u201cVerarbeitung personenbezogener Daten\u201d<br \/> <\/h4>\n<p><strong>Gem\u00e4\u00df \u00a7 13 der DSG-VO EU-Verordnung 2016\/679 geben wir Ihnen die folgenden Informationen:<\/p>\n<p> <\/strong><\/p>\n<p>Sehr geehrter Kunde,<\/p>\n<p>mit diesem Datenschutzhinweis m\u00f6chten wir sie dar\u00fcber informieren, wie Geobau GmbH Ihre Daten verarbeitet. <\/p>\n<p><strong>Informationen \u00fcber den Verantwortlichen.<br \/> <\/strong>Der Verantwortliche ist Geobau GmbH mit Rechtssitz in Bozner Boden \u2013 Mitterweg 27, 39100 Bozen (BZ). Um die gem\u00e4\u00df den Rechtsvorschriften vorgesehenen Rechte in Anspruch zu nehmen, besteht die M\u00f6glichkeit, sich an den Verantwortlichen an dessen Sitz oder telefonisch unter der Nummer 0471 301011 zu wenden. <\/p>\n<p><strong>Zweck und Rechtsgrundlage der Datenverarbeitung<\/strong>.<br \/> Zum Zweck der die ordnungsgem\u00e4\u00dfe Erf\u00fcllung der vertraglich vereinbarten Leistungen verarbeitet Geobau GmbH Ihre allgemeinen personenbezogenen Daten (Namen, Nachnamen, Adresse, Steuernummer, IBAN etc.). Konkret handelt es sich um einen Dienstleistungs-Service im Bereich Spezialtiefbau und Bauwesen. Rechtsgrundlage f\u00fcr die Verarbeitung ist die Erf\u00fcllung vertraglicher und rechtlicher Pflichten sowie die Durchf\u00fchrung vorvertraglicher Ma\u00dfnahmen auf Anfrage der betroffenen Person. <\/p>\n<p><strong>Weitergabe von Daten (Empf\u00e4nger)<\/strong>.<br \/> Zur Erf\u00fcllung der vertraglich vereinbarten Leistungen(en) kann eine Weitergabe Ihrer personenbezogenen Daten an nachstehende Personen\/Institutionen erfolgen: (a) Externe Rechts- oder Steuerberater, EDV-Dienstleister, Zertifizierungsstellen, Marketingagenturen, die von uns formell beauftragt und als \u201eAuftragsverarbeiter\u201c ernannt wurden. Eine Liste mit allen ernannten Auftragsverarbeitern liegt am Unternehmenssitz zur Einsicht auf (b) Transportfirmen, Bank- und Finanzinstitute, Beh\u00f6rden und andere \u00f6ffentliche Einrichtungen, kontrollierte oder kontrollierende Gesellschaften einer Gruppe\/eines Konzerns. Die Rechtsgrundlage f\u00fcr die \u00dcbermittlung ist die Erf\u00fcllung gesetzlicher und vertraglicher Pflichten oder die Durchf\u00fchrung vorvertraglicher Ma\u00dfnahmen auf Anfrage der betroffenen Person. In jedem Fall werden nur diejenigen Daten weitergegeben, die f\u00fcr die Erf\u00fcllung der jeweiligen Leistung unabdingbar sind. Erweist sich die \u00dcbermittlung von anonymisierten Daten als ausreichend, werden nur diese \u00fcbermittelt. Eine Verbreitung Ihrer personenbezogenen Daten erfolgt ausschlie\u00dflich mit Ihrer ausdr\u00fccklichen Einwilligung. <\/p>\n<p><strong>\u00dcbermittlung der Daten in Drittstaaten und an internationale Organisationen<\/strong>.<br \/> Ihre personenbezogenen Daten werden nicht in Drittstaaten oder an internationale<\/p>\n<p>Organisationen au\u00dferhalb der Europ\u00e4ischen Union \u00fcbermittelt. <\/p>\n<p><strong>Marketing.<br \/> <\/strong>Ihre personenbezogenen Daten k\u00f6nnen nur mit Ihrer ausdr\u00fccklichen Einwilligung zu Marketingzwecken verarbeitet werden. Dazu geh\u00f6ren beispielsweise die Zusendung von Werbematerial (Newsletter, Flugbl\u00e4tter, Werbemails etc.), von Informationsmaterial, die Durchf\u00fchrung von Marktumfragen usw. zu unseren Produkten und\/oder Dienstleistungen. Ihre Einwilligung bildet hierbei die Rechtsgrundlage f\u00fcr die Verarbeitung. Erteilen Sie die Einwilligung nicht, wirkt sich dies nicht auf die Erbringung der Hauptleistung aus.<\/p>\n<p>&nbsp;<\/p>\n<p><strong>Verarbeitungsmodalit\u00e4ten, automatische Entscheidungsprozesse und Aufbewahrungsfristen der Daten.<\/strong><br \/> Ihre Daten k\u00f6nnen sowohl in Papierform als auch durch den Einsatz von EDV unter Einhaltung der technischen und organisatorischen Ma\u00dfnahmen gem\u00e4\u00df der Verordnung \u00fcber den Schutz personenbezogener Daten (Datenschutz-Grundverordnung 2016\/679) verarbeitet werden. Die Sie betreffenden Daten werden f\u00fcr die gesamte Dauer der zwischen den Parteien bestehenden Vertragsbeziehung aufbewahrt und in jedem Fall f\u00fcr den von den privat- und steuerrechtlichen Bestimmungen vorgesehenen Zeitraum, der die oben genannte Dauer \u00fcberschreiten kann. <\/p>\n<p><strong>Rechte der betroffenen Person und Beschwerde bei der Datenschutzbeh\u00f6rde.<br \/> <\/strong>Sie haben das Recht, von uns jederzeit den Zugang zu den Daten, die Sie betreffen, deren \u00c4nderung, Erg\u00e4nzung oder L\u00f6schung zu verlangen sowie bei berechtigten Gr\u00fcnden sich deren Verarbeitung zu widersetzen oder zu fordern, dass diese eingeschr\u00e4nkt wird. Zudem sind Sie berechtigt, die \u00dcbertragung der betreffenden Daten auf einen anderen Verantwortlichen zu verlangen. Sie haben zudem die M\u00f6glichkeit, eine Beschwerde bei der staatlichen Aufsichtsbeh\u00f6rde einzureichen, wenn Sie der Meinung sind, dass Ihre Daten widerrechtlich verarbeitet wurden.<\/p>\n<p>&nbsp;<\/p>\n<p>[\/et_pb_text][\/et_pb_column][et_pb_column type=&#8220;2_5&#8243; _builder_version=&#8220;3.25&#8243; custom_padding=&#8220;|||&#8220; custom_padding__hover=&#8220;|||&#8220;][\/et_pb_column][\/et_pb_row][\/et_pb_section]<\/p>\n","protected":false},"excerpt":{"rendered":"<p>[et_pb_section fb_built=&#8220;1&#8243; _builder_version=&#8220;3.22&#8243;][et_pb_row column_structure=&#8220;3_5,2_5&#8243; _builder_version=&#8220;3.25&#8243; background_size=&#8220;initial&#8220; background_position=&#8220;top_left&#8220; background_repeat=&#8220;repeat&#8220;][et_pb_column type=&#8220;3_5&#8243; _builder_version=&#8220;3.25&#8243; custom_padding=&#8220;|||&#8220; custom_padding__hover=&#8220;|||&#8220;][et_pb_text _builder_version=&#8220;4.6.6&#8243; background_size=&#8220;initial&#8220; background_position=&#8220;top_left&#8220; background_repeat=&#8220;repeat&#8220; hover_enabled=&#8220;0&#8243; sticky_enabled=&#8220;0&#8243;] Privacy &nbsp; Information im Sinne des Artikels 13 DSG-VO EU Verordnung 2016\/679 \u201cVerarbeitung personenbezogener Daten\u201d Gem\u00e4\u00df \u00a7 13 der DSG-VO EU-Verordnung 2016\/679 geben wir Ihnen die folgenden Informationen: Sehr geehrter Kunde, mit diesem Datenschutzhinweis m\u00f6chten wir sie [&hellip;]<\/p>\n","protected":false},"author":2,"featured_media":0,"parent":0,"menu_order":0,"comment_status":"closed","ping_status":"closed","template":"","meta":{"_et_pb_use_builder":"on","_et_pb_old_content":"<!-- wp:heading --><h2>Who we are<\/h2><!-- \/wp:heading --><!-- wp:paragraph --><p>Our website address is: https:\/\/geobau.it.<\/p><!-- \/wp:paragraph --><!-- wp:heading --><h2>What personal data we collect and why we collect it<\/h2><!-- \/wp:heading --><!-- wp:heading {\"level\":3} --><h3>Comments<\/h3><!-- \/wp:heading --><!-- wp:paragraph --><p>When visitors leave comments on the site we collect the data shown in the comments form, and also the visitor\u2019s IP address and browser user agent string to help spam detection.<\/p><!-- \/wp:paragraph --><!-- wp:paragraph --><p>An anonymized string created from your email address (also called a hash) may be provided to the Gravatar service to see if you are using it. The Gravatar service privacy policy is available here: https:\/\/automattic.com\/privacy\/. After approval of your comment, your profile picture is visible to the public in the context of your comment.<\/p><!-- \/wp:paragraph --><!-- wp:heading {\"level\":3} --><h3>Media<\/h3><!-- \/wp:heading --><!-- wp:paragraph --><p>If you upload images to the website, you should avoid uploading images with embedded location data (EXIF GPS) included. Visitors to the website can download and extract any location data from images on the website.<\/p><!-- \/wp:paragraph --><!-- wp:heading {\"level\":3} --><h3>Contact forms<\/h3><!-- \/wp:heading --><!-- wp:heading {\"level\":3} --><h3>Cookies<\/h3><!-- \/wp:heading --><!-- wp:paragraph --><p>If you leave a comment on our site you may opt-in to saving your name, email address and website in cookies. These are for your convenience so that you do not have to fill in your details again when you leave another comment. These cookies will last for one year.<\/p><!-- \/wp:paragraph --><!-- wp:paragraph --><p>If you visit our login page, we will set a temporary cookie to determine if your browser accepts cookies. This cookie contains no personal data and is discarded when you close your browser.<\/p><!-- \/wp:paragraph --><!-- wp:paragraph --><p>When you log in, we will also set up several cookies to save your login information and your screen display choices. Login cookies last for two days, and screen options cookies last for a year. If you select \"Remember Me\", your login will persist for two weeks. If you log out of your account, the login cookies will be removed.<\/p><!-- \/wp:paragraph --><!-- wp:paragraph --><p>If you edit or publish an article, an additional cookie will be saved in your browser. This cookie includes no personal data and simply indicates the post ID of the article you just edited. It expires after 1 day.<\/p><!-- \/wp:paragraph --><!-- wp:heading {\"level\":3} --><h3>Embedded content from other websites<\/h3><!-- \/wp:heading --><!-- wp:paragraph --><p>Articles on this site may include embedded content (e.g. videos, images, articles, etc.). Embedded content from other websites behaves in the exact same way as if the visitor has visited the other website.<\/p><!-- \/wp:paragraph --><!-- wp:paragraph --><p>These websites may collect data about you, use cookies, embed additional third-party tracking, and monitor your interaction with that embedded content, including tracking your interaction with the embedded content if you have an account and are logged in to that website.<\/p><!-- \/wp:paragraph --><!-- wp:heading {\"level\":3} --><h3>Analytics<\/h3><!-- \/wp:heading --><!-- wp:heading --><h2>Who we share your data with<\/h2><!-- \/wp:heading --><!-- wp:heading --><h2>How long we retain your data<\/h2><!-- \/wp:heading --><!-- wp:paragraph --><p>If you leave a comment, the comment and its metadata are retained indefinitely. This is so we can recognize and approve any follow-up comments automatically instead of holding them in a moderation queue.<\/p><!-- \/wp:paragraph --><!-- wp:paragraph --><p>For users that register on our website (if any), we also store the personal information they provide in their user profile. All users can see, edit, or delete their personal information at any time (except they cannot change their username). Website administrators can also see and edit that information.<\/p><!-- \/wp:paragraph --><!-- wp:heading --><h2>What rights you have over your data<\/h2><!-- \/wp:heading --><!-- wp:paragraph --><p>If you have an account on this site, or have left comments, you can request to receive an exported file of the personal data we hold about you, including any data you have provided to us. You can also request that we erase any personal data we hold about you. This does not include any data we are obliged to keep for administrative, legal, or security purposes.<\/p><!-- \/wp:paragraph --><!-- wp:heading --><h2>Where we send your data<\/h2><!-- \/wp:heading --><!-- wp:paragraph --><p>Visitor comments may be checked through an automated spam detection service.<\/p><!-- \/wp:paragraph --><!-- wp:heading --><h2>Your contact information<\/h2><!-- \/wp:heading --><!-- wp:heading --><h2>Additional information<\/h2><!-- \/wp:heading --><!-- wp:heading {\"level\":3} --><h3>How we protect your data<\/h3><!-- \/wp:heading --><!-- wp:heading {\"level\":3} --><h3>What data breach procedures we have in place<\/h3><!-- \/wp:heading --><!-- wp:heading {\"level\":3} --><h3>What third parties we receive data from<\/h3><!-- \/wp:heading --><!-- wp:heading {\"level\":3} --><h3>What automated decision making and\/or profiling we do with user data<\/h3><!-- \/wp:heading --><!-- wp:heading {\"level\":3} --><h3>Industry regulatory disclosure requirements<\/h3><!-- \/wp:heading -->","_et_gb_content_width":""},"yoast_head":"<!-- This site is optimized with the Yoast SEO plugin v15.1.1 - https:\/\/yoast.com\/wordpress\/plugins\/seo\/ -->\n<title>Privacy - Geobau<\/title>\n<meta name=\"robots\" content=\"index, follow, max-snippet:-1, max-image-preview:large, max-video-preview:-1\" \/>\n<link rel=\"canonical\" href=\"https:\/\/geobau.it\/de\/privacy\/\" \/>\n<meta property=\"og:locale\" content=\"de_DE\" \/>\n<meta property=\"og:type\" content=\"article\" \/>\n<meta property=\"og:title\" content=\"Privacy - Geobau\" \/>\n<meta property=\"og:description\" content=\"[et_pb_section fb_built=&#8220;1&#8243; _builder_version=&#8220;3.22&#8243;][et_pb_row column_structure=&#8220;3_5,2_5&#8243; _builder_version=&#8220;3.25&#8243; background_size=&#8220;initial&#8220; background_position=&#8220;top_left&#8220; background_repeat=&#8220;repeat&#8220;][et_pb_column type=&#8220;3_5&#8243; _builder_version=&#8220;3.25&#8243; custom_padding=&#8220;|||&#8220; custom_padding__hover=&#8220;|||&#8220;][et_pb_text _builder_version=&#8220;4.6.6&#8243; background_size=&#8220;initial&#8220; background_position=&#8220;top_left&#8220; background_repeat=&#8220;repeat&#8220; hover_enabled=&#8220;0&#8243; sticky_enabled=&#8220;0&#8243;] Privacy &nbsp; Information im Sinne des Artikels 13 DSG-VO EU Verordnung 2016\/679 \u201cVerarbeitung personenbezogener Daten\u201d Gem\u00e4\u00df \u00a7 13 der DSG-VO EU-Verordnung 2016\/679 geben wir Ihnen die folgenden Informationen: Sehr geehrter Kunde, mit diesem Datenschutzhinweis m\u00f6chten wir sie [&hellip;]\" \/>\n<meta property=\"og:url\" content=\"https:\/\/geobau.it\/de\/privacy\/\" \/>\n<meta property=\"og:site_name\" content=\"Geobau\" \/>\n<meta property=\"article:modified_time\" content=\"2021-04-26T13:43:07+00:00\" \/>\n<meta name=\"twitter:card\" content=\"summary_large_image\" \/>\n<script type=\"application\/ld+json\" class=\"yoast-schema-graph\">{\"@context\":\"https:\/\/schema.org\",\"@graph\":[{\"@type\":\"WebSite\",\"@id\":\"https:\/\/geobau.it\/de\/#website\",\"url\":\"https:\/\/geobau.it\/de\/\",\"name\":\"Geobau\",\"description\":\"Geobau consolidamenti e opere speciali\",\"potentialAction\":[{\"@type\":\"SearchAction\",\"target\":\"https:\/\/geobau.it\/de\/?s={search_term_string}\",\"query-input\":\"required name=search_term_string\"}],\"inLanguage\":\"de\"},{\"@type\":\"WebPage\",\"@id\":\"https:\/\/geobau.it\/de\/privacy\/#webpage\",\"url\":\"https:\/\/geobau.it\/de\/privacy\/\",\"name\":\"Privacy - Geobau\",\"isPartOf\":{\"@id\":\"https:\/\/geobau.it\/de\/#website\"},\"datePublished\":\"2021-04-26T13:38:29+00:00\",\"dateModified\":\"2021-04-26T13:43:07+00:00\",\"inLanguage\":\"de\",\"potentialAction\":[{\"@type\":\"ReadAction\",\"target\":[\"https:\/\/geobau.it\/de\/privacy\/\"]}]}]}<\/script>\n<!-- \/ Yoast SEO plugin. -->","_links":{"self":[{"href":"https:\/\/geobau.it\/de\/wp-json\/wp\/v2\/pages\/1599\/"}],"collection":[{"href":"https:\/\/geobau.it\/de\/wp-json\/wp\/v2\/pages\/"}],"about":[{"href":"https:\/\/geobau.it\/de\/wp-json\/wp\/v2\/types\/page\/"}],"author":[{"embeddable":true,"href":"https:\/\/geobau.it\/de\/wp-json\/wp\/v2\/users\/2\/"}],"replies":[{"embeddable":true,"href":"https:\/\/geobau.it\/de\/wp-json\/wp\/v2\/comments\/?post=1599"}],"version-history":[{"count":3,"href":"https:\/\/geobau.it\/de\/wp-json\/wp\/v2\/pages\/1599\/revisions\/"}],"predecessor-version":[{"id":1602,"href":"https:\/\/geobau.it\/de\/wp-json\/wp\/v2\/pages\/1599\/revisions\/1602\/"}],"wp:attachment":[{"href":"https:\/\/geobau.it\/de\/wp-json\/wp\/v2\/media\/?parent=1599"}],"curies":[{"name":"wp","href":"https:\/\/api.w.org\/{rel}","templated":true}]}}